{"id":17411,"date":"2021-02-21T20:47:21","date_gmt":"2021-02-21T20:47:21","guid":{"rendered":"http:\/\/etradeid.world\/partners"},"modified":"2023-03-27T21:09:29","modified_gmt":"2023-03-27T21:09:29","slug":"socios","status":"publish","type":"page","link":"https:\/\/etradeid.world\/es\/socios","title":{"rendered":"SOCIOS"},"content":{"rendered":"<div class=\"vgblk-rw-wrapper limit-wrapper\">\n\n\t\t\t\t\t\t\t<img decoding=\"async\" loading=\"lazy\" width=\"120\" height=\"120\" src=\"http:\/\/etradeid.world\/wp-content\/uploads\/\/2021\/02\/OISTE-logo-120x120-1.svg\" alt=\"OISTE-logo-120x120\" itemprop=\"image\" title=\"OISTE-logo-120x120\" onerror=\"this.style.display='none'\" \/>\t\t\t\t\t\t\t\n<h4>\n\t\tOISTE FOUNDATION\n\t<\/h4>\n\t<p>OISTE es una organizaci\u00f3n no gubernamental cuyo trabajo se centra en influir en la formulaci\u00f3n de pol\u00edticas y las pr\u00e1cticas industriales en las siguientes \u00e1reas:<\/p>\n<ul>\n<li>Gesti\u00f3n de identidad digital<\/li>\n<li>Protecci\u00f3n de datos personales<\/li>\n<li>Comercio il\u00edcito y falsificaci\u00f3n<\/li>\n<li>Gobernanza de Internet<\/li>\n<li>Privacidad<\/li>\n<li>Partes terceras de confianza<\/li>\n<\/ul>\n\t<p>La Fundaci\u00f3n OISTE interact\u00faa con las tres organizaciones no gubernamentales m\u00e1s grandes que abogan por la defensa de los derechos humanos en el \u00e1mbito digital:<\/p>\n\t\t\t\t\t\t\t<img decoding=\"async\" loading=\"lazy\" src=\"http:\/\/etradeid.world\/wp-content\/uploads\/2021\/02\/oiste-access-now.jpg\" alt=\"oiste-access-now\" itemprop=\"image\" height=\"80\" width=\"592\" title=\"oiste-access-now\" onerror=\"this.style.display='none'\"  sizes=\"auto, (max-width: 768px) 100vw, 100vw\" srcset=\"http:\/\/etradeid.world\/wp-content\/uploads\/2021\/02\/oiste-access-now.jpg 592w, http:\/\/etradeid.world\/wp-content\/uploads\/2021\/02\/oiste-access-now-300x41.jpg 300w, http:\/\/etradeid.world\/wp-content\/uploads\/2021\/02\/oiste-access-now-466x63.jpg 466w, http:\/\/etradeid.world\/wp-content\/uploads\/2021\/02\/oiste-access-now-350x47.jpg 350w\" \/>\t\t\t\t\t\t\t\n\t\t\t\t\t\t\t<img decoding=\"async\" loading=\"lazy\" src=\"http:\/\/etradeid.world\/wp-content\/uploads\/2021\/02\/oiste-eff-org.jpg\" alt=\"oiste-eff-org\" itemprop=\"image\" height=\"80\" width=\"592\" title=\"oiste-eff-org\" onerror=\"this.style.display='none'\"  sizes=\"auto, (max-width: 768px) 100vw, 100vw\" srcset=\"http:\/\/etradeid.world\/wp-content\/uploads\/2021\/02\/oiste-eff-org.jpg 592w, http:\/\/etradeid.world\/wp-content\/uploads\/2021\/02\/oiste-eff-org-300x41.jpg 300w, http:\/\/etradeid.world\/wp-content\/uploads\/2021\/02\/oiste-eff-org-466x63.jpg 466w, http:\/\/etradeid.world\/wp-content\/uploads\/2021\/02\/oiste-eff-org-350x47.jpg 350w\" \/>\t\t\t\t\t\t\t\n\t\t\t\t\t\t\t<img decoding=\"async\" loading=\"lazy\" src=\"http:\/\/etradeid.world\/wp-content\/uploads\/2021\/02\/oiste-privacy-international.jpg\" alt=\"oiste-privacy-international\" itemprop=\"image\" height=\"80\" width=\"592\" title=\"oiste-privacy-international\" onerror=\"this.style.display='none'\"  sizes=\"auto, (max-width: 768px) 100vw, 100vw\" srcset=\"http:\/\/etradeid.world\/wp-content\/uploads\/2021\/02\/oiste-privacy-international.jpg 592w, http:\/\/etradeid.world\/wp-content\/uploads\/2021\/02\/oiste-privacy-international-300x41.jpg 300w, http:\/\/etradeid.world\/wp-content\/uploads\/2021\/02\/oiste-privacy-international-466x63.jpg 466w, http:\/\/etradeid.world\/wp-content\/uploads\/2021\/02\/oiste-privacy-international-350x47.jpg 350w\" \/>\t\t\t\t\t\t\t\n\t\t\t\t\t\t\t<img decoding=\"async\" loading=\"lazy\" width=\"189\" height=\"43\" src=\"http:\/\/etradeid.world\/wp-content\/uploads\/\/2021\/02\/WISeKey-lg-rojo-189x43-1.svg\" alt=\"WISeKey-lg-rojo-189x43\" itemprop=\"image\" title=\"WISeKey-lg-rojo-189x43\" onerror=\"this.style.display='none'\" \/>\t\t\t\t\t\t\t\n\t<p>WISeKey es una empresa l\u00edder en eSecurity, con 20 a\u00f1os de experiencia en seguridad de la informaci\u00f3n e identidades digitales de confianza. Actuando como un proveedor de tecnolog\u00eda PKI y una autoridad de certificaci\u00f3n de confianza, la prestaci\u00f3n de servicios utilizando su propia tecnolog\u00eda garantiza que sus productos est\u00e9n actualizados con las necesidades y regulaciones modernas del cliente para PKI.\u00a0<\/p>\n\t<p>Ra\u00edz de confianza<\/p>\n\t<p>Inteligencia Artificial<\/p>\n\t<p>Identidad segura<\/p>\n\t<p>Blockchain<\/p>\n\t<p>Semiconductores<\/p>\n\t<p>SmartSecureCity<\/p>\n\t<p>IoT seguro<\/p>\n\t<p>Protecci\u00f3n de marca<\/p>\n<h4>\n\t\tWISeKey toc\u00f3 la campana de apertura NASDAQ\n\t<\/h4>\n\t<p>WISeKey International Holding Ltd (WKEY), una empresa l\u00edder en ciberseguridad e IoT, representada por su fundador y consejero delegado Carlos Moreira, toc\u00f3 la campana de apertura del NASDAQ. La negociaci\u00f3n de los ADR WIDSeKey comenz\u00f3 el 4 de diciembre de 2019 bajo el s\u00edmbolo \u00abWKEY\u00bb.<\/p>\n\t\t\t\t<a href=\"http:\/\/etradeid.world\/wp-content\/uploads\/2021\/02\/wisekey-nasdaq-timeline.jpg\" target=\"_self\" itemprop=\"url\" title=\"wisekey-nasdaq-timeline\" rel=\"noopener\">\n\t\t\t\t\t\t\t<img decoding=\"async\" loading=\"lazy\" src=\"http:\/\/etradeid.world\/wp-content\/uploads\/2021\/02\/wisekey-nasdaq-timeline.jpg\" alt=\"wisekey-nasdaq-timeline\" itemprop=\"image\" height=\"500\" width=\"1161\" data-link-type=\"lightbox\" title=\"wisekey-nasdaq-timeline\" onerror=\"this.style.display='none'\"  sizes=\"auto, (max-width: 768px) 100vw, 100vw\" srcset=\"http:\/\/etradeid.world\/wp-content\/uploads\/2021\/02\/wisekey-nasdaq-timeline.jpg 1161w, http:\/\/etradeid.world\/wp-content\/uploads\/2021\/02\/wisekey-nasdaq-timeline-300x129.jpg 300w, http:\/\/etradeid.world\/wp-content\/uploads\/2021\/02\/wisekey-nasdaq-timeline-1024x441.jpg 1024w, http:\/\/etradeid.world\/wp-content\/uploads\/2021\/02\/wisekey-nasdaq-timeline-700x301.jpg 700w, http:\/\/etradeid.world\/wp-content\/uploads\/2021\/02\/wisekey-nasdaq-timeline-466x201.jpg 466w, http:\/\/etradeid.world\/wp-content\/uploads\/2021\/02\/wisekey-nasdaq-timeline-933x402.jpg 933w, http:\/\/etradeid.world\/wp-content\/uploads\/2021\/02\/wisekey-nasdaq-timeline-350x151.jpg 350w\" \/>\t\t\t\t\t\t<\/a>\n\t\t\t\t\t\t\t<img decoding=\"async\" loading=\"lazy\" src=\"http:\/\/etradeid.world\/wp-content\/uploads\/2023\/03\/Bureau-veritas-formacion-trans-150x150.png\" alt=\"Bureau-veritas-formacion-trans\" itemprop=\"image\" height=\"150\" width=\"150\" title=\"Bureau-veritas-formacion-trans\" onerror=\"this.style.display='none'\"  sizes=\"auto, (max-width: 768px) 100vw, 100vw\"\/>\t\t\t\t\t\t\t\n<h3>\n\t\tBUREAU VERITAS Formaci\u00f3n <br \/> La mayor instituci\u00f3n educativa de e-Learning\n\t<\/h3>\n\t<p>Bureau Veritas apuesta por una formaci\u00f3n de futuro. Todos sus Cursos Online, Master, MBA, posgrados para universitarios y cursos de especializaci\u00f3n para auditores de Bureau Veritas Formaci\u00f3n y Bureau Veritas Business School est\u00e1n enfocados a la obtenci\u00f3n de resultados en el mundo real. Sus\u00a0 programas acad\u00e9micos y cursos a medida para empresas est\u00e1n dise\u00f1ados en colaboraci\u00f3n con empresas l\u00edderes en su sector y con una fuerte orientaci\u00f3n pr\u00e1ctica donde la tecnolog\u00eda facilita el aprendizaje colaborativo y personalizado desde cualquier dispositivo.<\/p>\n\t\t\t\t<a href=\"http:\/\/etradeid.world\/wp-content\/uploads\/2023\/03\/BVeritas-Training-sign.jpg\" target=\"_self\" itemprop=\"url\" title=\"Ruth Ballesteros, Directora Gerente de Bureau Veritas Formaci\u00f3n y Bruno Masier, presidente de WTPF, firman acuerdo.\" rel=\"noopener\">\n\t\t\t\t\t\t\t<img decoding=\"async\" loading=\"lazy\" src=\"http:\/\/etradeid.world\/wp-content\/uploads\/2023\/03\/BVeritas-Training-sign.jpg\" alt=\"Ruth Ballesteros, Directora Gerente de Bureau Veritas Formaci\u00f3n y Bruno Masier, presidente de WTPF, firman acuerdo.\" itemprop=\"image\" height=\"1536\" width=\"1953\" data-link-type=\"lightbox\" title=\"BVeritas-Training-sign\" onerror=\"this.style.display='none'\"  sizes=\"auto, (max-width: 768px) 100vw, 100vw\" srcset=\"http:\/\/etradeid.world\/wp-content\/uploads\/2023\/03\/BVeritas-Training-sign.jpg 1953w, http:\/\/etradeid.world\/wp-content\/uploads\/2023\/03\/BVeritas-Training-sign-300x236.jpg 300w, http:\/\/etradeid.world\/wp-content\/uploads\/2023\/03\/BVeritas-Training-sign-1024x805.jpg 1024w, http:\/\/etradeid.world\/wp-content\/uploads\/2023\/03\/BVeritas-Training-sign-1536x1208.jpg 1536w, http:\/\/etradeid.world\/wp-content\/uploads\/2023\/03\/BVeritas-Training-sign-1400x1101.jpg 1400w, http:\/\/etradeid.world\/wp-content\/uploads\/2023\/03\/BVeritas-Training-sign-700x551.jpg 700w, http:\/\/etradeid.world\/wp-content\/uploads\/2023\/03\/BVeritas-Training-sign-466x367.jpg 466w, http:\/\/etradeid.world\/wp-content\/uploads\/2023\/03\/BVeritas-Training-sign-933x734.jpg 933w, http:\/\/etradeid.world\/wp-content\/uploads\/2023\/03\/BVeritas-Training-sign-350x275.jpg 350w\" \/>\t\t\t\t\t\t<\/a>\n\t\tRuth Ballesteros, Directora Gerente de Bureau Veritas Formaci\u00f3n y Bruno Masier, presidente de WTPF, firman acuerdo.\n\t\t\t\t\t\t\t<img decoding=\"async\" loading=\"lazy\" src=\"http:\/\/etradeid.world\/wp-content\/uploads\/2023\/03\/OICEX-Tech-OK.png\" alt=\"OICEX-Tech-OK\" itemprop=\"image\" height=\"378\" width=\"696\" title=\"OICEX-Tech-OK\" onerror=\"this.style.display='none'\"  sizes=\"auto, (max-width: 768px) 100vw, 100vw\" srcset=\"http:\/\/etradeid.world\/wp-content\/uploads\/2023\/03\/OICEX-Tech-OK.png 696w, http:\/\/etradeid.world\/wp-content\/uploads\/2023\/03\/OICEX-Tech-OK-300x163.png 300w, http:\/\/etradeid.world\/wp-content\/uploads\/2023\/03\/OICEX-Tech-OK-466x253.png 466w, http:\/\/etradeid.world\/wp-content\/uploads\/2023\/03\/OICEX-Tech-OK-350x190.png 350w\" \/>\t\t\t\t\t\t\t\n<h3>\n\t\tOICEX TECH \n\t<\/h3>\n\t<p>Una iniciativa del Observatorio Iberoamericano de Comercio Exterior que junto a sus socios han creado una estructura capaz de dar servicios empresariales a compa\u00f1\u00edas que deseen emprender o mejorar sus procesos de digitalizaci\u00f3n, ciberseguridad y comercio electr\u00f3nico<\/p>\n\n<\/div><!-- .vgblk-rw-wrapper -->","protected":false},"excerpt":{"rendered":"<p>OISTE FOUNDATION OISTE es una organizaci\u00f3n no gubernamental cuyo trabajo se centra en influir en la formulaci\u00f3n de pol\u00edticas y las pr\u00e1cticas industriales en las siguientes \u00e1reas: Gesti\u00f3n de identidad digital Protecci\u00f3n de datos personales Comercio il\u00edcito y falsificaci\u00f3n Gobernanza de Internet Privacidad Partes terceras de confianza La Fundaci\u00f3n OISTE interact\u00faa con las tres organizaciones&#8230;<\/p>\n","protected":false},"author":1,"featured_media":17330,"parent":0,"menu_order":0,"comment_status":"closed","ping_status":"closed","template":"","meta":{"footnotes":""},"class_list":["post-17411","page","type-page","status-publish","has-post-thumbnail","hentry"],"jetpack_sharing_enabled":true,"_links":{"self":[{"href":"https:\/\/etradeid.world\/es\/wp-json\/wp\/v2\/pages\/17411","targetHints":{"allow":["GET"]}}],"collection":[{"href":"https:\/\/etradeid.world\/es\/wp-json\/wp\/v2\/pages"}],"about":[{"href":"https:\/\/etradeid.world\/es\/wp-json\/wp\/v2\/types\/page"}],"author":[{"embeddable":true,"href":"https:\/\/etradeid.world\/es\/wp-json\/wp\/v2\/users\/1"}],"replies":[{"embeddable":true,"href":"https:\/\/etradeid.world\/es\/wp-json\/wp\/v2\/comments?post=17411"}],"version-history":[{"count":21,"href":"https:\/\/etradeid.world\/es\/wp-json\/wp\/v2\/pages\/17411\/revisions"}],"predecessor-version":[{"id":17948,"href":"https:\/\/etradeid.world\/es\/wp-json\/wp\/v2\/pages\/17411\/revisions\/17948"}],"wp:featuredmedia":[{"embeddable":true,"href":"https:\/\/etradeid.world\/es\/wp-json\/wp\/v2\/media\/17330"}],"wp:attachment":[{"href":"https:\/\/etradeid.world\/es\/wp-json\/wp\/v2\/media?parent=17411"}],"curies":[{"name":"wp","href":"https:\/\/api.w.org\/{rel}","templated":true}]}}